{"id":4251,"date":"2025-12-16T07:06:14","date_gmt":"2025-12-16T05:06:14","guid":{"rendered":"https:\/\/pajosart.com\/?post_type=product&#038;p=4251"},"modified":"2025-12-16T07:13:06","modified_gmt":"2025-12-16T05:13:06","slug":"who-knows","status":"publish","type":"product","link":"https:\/\/pajosart.com\/et\/toode\/who-knows\/","title":{"rendered":"VALGELIND \u2013 SEE, KES TEAB"},"content":{"rendered":"<p>\u201eSee, kes teatab\u201c on maal sarjast Valgelind, mis kujutab lindu h\u00f5\u00f5guvas, tulevalgusest kumavas metsas. Teos on maalitud akr\u00fc\u00fcliga p\u00f5letatud vineerile ning viimistletud \u00f5rnade kuldsete aktsentidega.<\/p>\n<p>11,5\u201dx8\u201d \/ 29,5X20,5 cm<br \/>\nakr\u00fc\u00fcl p\u00f5letatud vineeril<br \/>\n2025<\/p>\n<p>raamitud, valmis eksponeerimiseks<\/p>\n<p><em>hind 350\u20ac<\/em><\/p>\n<p>saatmine EU piires on hinna sees<\/p>\n<p>&nbsp;<\/p>","protected":false},"excerpt":{"rendered":"<p>\u201cThe One Who Knows\u201d is a mystical raven painting from the Valgelind (White Bird) series, showing the bird \u00a0in a glowing, firelit forest. The piece is painted in acrylic on burned wood and finished with subtle golden highlights. 11,5\u201dx8\u201d \/ 29,5X20,5 cm acrylic on burned plywood 2025 framed, ready to wall hanging price 350\u20ac EU [&hellip;]<\/p>\n","protected":false},"featured_media":4252,"template":"","meta":{"jetpack_post_was_ever_published":false},"product_brand":[],"product_cat":[22],"product_tag":[],"class_list":{"0":"post-4251","1":"product","2":"type-product","3":"status-publish","4":"has-post-thumbnail","6":"product_cat-available-original-paintins","8":"first","9":"instock","10":"shipping-taxable","11":"product-type-simple"},"yoast_head":"<!-- This site is optimized with the Yoast SEO plugin v27.4 - https:\/\/yoast.com\/product\/yoast-seo-wordpress\/ -->\n<title>VALGELIND - THE ONE WHO KNOWS - PRIIT PAJOS art<\/title>\n<meta name=\"description\" content=\"\u201cThe One Who Knows\u201d is a mystical raven acrylic painting from the Valgelind (White Bird) series, showing the bird in a glowing, firelit forest.\" \/>\n<meta name=\"robots\" content=\"index, follow, max-snippet:-1, max-image-preview:large, max-video-preview:-1\" \/>\n<link rel=\"canonical\" href=\"https:\/\/pajosart.com\/et\/toode\/who-knows\/\" \/>\n<meta property=\"og:locale\" content=\"et_EE\" \/>\n<meta property=\"og:type\" content=\"article\" \/>\n<meta property=\"og:title\" content=\"VALGELIND - THE ONE WHO KNOWS - PRIIT PAJOS art\" \/>\n<meta property=\"og:description\" content=\"\u201cThe One Who Knows\u201d is a mystical raven acrylic painting from the Valgelind (White Bird) series, showing the bird in a glowing, firelit forest.\" \/>\n<meta property=\"og:url\" content=\"https:\/\/pajosart.com\/et\/toode\/who-knows\/\" \/>\n<meta property=\"og:site_name\" content=\"PRIIT PAJOS art\" \/>\n<meta property=\"article:publisher\" content=\"https:\/\/www.facebook.com\/pajosartist\/\" \/>\n<meta property=\"article:modified_time\" content=\"2025-12-16T05:13:06+00:00\" \/>\n<meta property=\"og:image\" content=\"https:\/\/www.pajosart.com\/wp-content\/uploads\/2025\/12\/Valgelind4--scaled.webp\" \/>\n\t<meta property=\"og:image:width\" content=\"1315\" \/>\n\t<meta property=\"og:image:height\" content=\"1920\" \/>\n\t<meta property=\"og:image:type\" content=\"image\/webp\" \/>\n<meta name=\"twitter:card\" content=\"summary_large_image\" \/>\n<meta name=\"twitter:site\" content=\"@PriitPajos\" \/>\n<meta name=\"twitter:label1\" content=\"Est. reading time\" \/>\n\t<meta name=\"twitter:data1\" content=\"1 minut\" \/>\n<script type=\"application\/ld+json\" class=\"yoast-schema-graph\">{\"@context\":\"https:\\\/\\\/schema.org\",\"@graph\":[{\"@type\":\"WebPage\",\"@id\":\"https:\\\/\\\/pajosart.com\\\/et\\\/toode\\\/who-knows\\\/\",\"url\":\"https:\\\/\\\/pajosart.com\\\/et\\\/toode\\\/who-knows\\\/\",\"name\":\"VALGELIND - THE ONE WHO KNOWS - PRIIT PAJOS art\",\"isPartOf\":{\"@id\":\"https:\\\/\\\/www.pajosart.com\\\/#website\"},\"primaryImageOfPage\":{\"@id\":\"https:\\\/\\\/pajosart.com\\\/et\\\/toode\\\/who-knows\\\/#primaryimage\"},\"image\":{\"@id\":\"https:\\\/\\\/pajosart.com\\\/et\\\/toode\\\/who-knows\\\/#primaryimage\"},\"thumbnailUrl\":\"https:\\\/\\\/pajosart.com\\\/wp-content\\\/uploads\\\/2025\\\/12\\\/Valgelind4--scaled.webp\",\"datePublished\":\"2025-12-16T05:06:14+00:00\",\"dateModified\":\"2025-12-16T05:13:06+00:00\",\"description\":\"\u201cThe One Who Knows\u201d is a mystical raven acrylic painting from the Valgelind (White Bird) series, showing the bird in a glowing, firelit forest.\",\"breadcrumb\":{\"@id\":\"https:\\\/\\\/pajosart.com\\\/et\\\/toode\\\/who-knows\\\/#breadcrumb\"},\"inLanguage\":\"et\",\"potentialAction\":[{\"@type\":\"ReadAction\",\"target\":[\"https:\\\/\\\/pajosart.com\\\/et\\\/toode\\\/who-knows\\\/\"]}]},{\"@type\":\"ImageObject\",\"inLanguage\":\"et\",\"@id\":\"https:\\\/\\\/pajosart.com\\\/et\\\/toode\\\/who-knows\\\/#primaryimage\",\"url\":\"https:\\\/\\\/pajosart.com\\\/wp-content\\\/uploads\\\/2025\\\/12\\\/Valgelind4--scaled.webp\",\"contentUrl\":\"https:\\\/\\\/pajosart.com\\\/wp-content\\\/uploads\\\/2025\\\/12\\\/Valgelind4--scaled.webp\",\"width\":1315,\"height\":1920,\"caption\":\"\\\"The One Who Knows\u201d \u2013 a black raven with its beak open as if calling or warning, painted in front of a dark, burned forest glowing with orange firelight on a charred wood surface.\"},{\"@type\":\"BreadcrumbList\",\"@id\":\"https:\\\/\\\/pajosart.com\\\/et\\\/toode\\\/who-knows\\\/#breadcrumb\",\"itemListElement\":[{\"@type\":\"ListItem\",\"position\":1,\"name\":\"Home\",\"item\":\"https:\\\/\\\/www.pajosart.com\\\/\"},{\"@type\":\"ListItem\",\"position\":2,\"name\":\"Privaatpostitus: Pood\",\"item\":\"https:\\\/\\\/pajosart.com\\\/et\\\/?page_id=1560\"},{\"@type\":\"ListItem\",\"position\":3,\"name\":\"VALGELIND &#8211; THE ONE WHO KNOWS\"}]},{\"@type\":\"WebSite\",\"@id\":\"https:\\\/\\\/www.pajosart.com\\\/#website\",\"url\":\"https:\\\/\\\/www.pajosart.com\\\/\",\"name\":\"PRIIT PAJOS art\",\"description\":\"Priit Pajos artist website\",\"publisher\":{\"@id\":\"https:\\\/\\\/www.pajosart.com\\\/#organization\"},\"potentialAction\":[{\"@type\":\"SearchAction\",\"target\":{\"@type\":\"EntryPoint\",\"urlTemplate\":\"https:\\\/\\\/www.pajosart.com\\\/?s={search_term_string}\"},\"query-input\":{\"@type\":\"PropertyValueSpecification\",\"valueRequired\":true,\"valueName\":\"search_term_string\"}}],\"inLanguage\":\"et\"},{\"@type\":\"Organization\",\"@id\":\"https:\\\/\\\/www.pajosart.com\\\/#organization\",\"name\":\"PRIIT PAJOS art\",\"url\":\"https:\\\/\\\/www.pajosart.com\\\/\",\"logo\":{\"@type\":\"ImageObject\",\"inLanguage\":\"et\",\"@id\":\"https:\\\/\\\/www.pajosart.com\\\/#\\\/schema\\\/logo\\\/image\\\/\",\"url\":\"https:\\\/\\\/pajosart.com\\\/wp-content\\\/uploads\\\/2023\\\/10\\\/pajos-logo.png\",\"contentUrl\":\"https:\\\/\\\/pajosart.com\\\/wp-content\\\/uploads\\\/2023\\\/10\\\/pajos-logo.png\",\"width\":417,\"height\":285,\"caption\":\"PRIIT PAJOS art\"},\"image\":{\"@id\":\"https:\\\/\\\/www.pajosart.com\\\/#\\\/schema\\\/logo\\\/image\\\/\"},\"sameAs\":[\"https:\\\/\\\/www.facebook.com\\\/pajosartist\\\/\",\"https:\\\/\\\/x.com\\\/PriitPajos\",\"https:\\\/\\\/www.instagram.com\\\/priit_pajos_artist\\\/\",\"https:\\\/\\\/linkedin.com\\\/in\\\/priit-pajos-b48b3b74\"]}]}<\/script>\n<!-- \/ Yoast SEO plugin. -->","yoast_head_json":{"title":"VALGELIND - THE ONE WHO KNOWS - PRIIT PAJOS art","description":"\u201cThe One Who Knows\u201d is a mystical raven acrylic painting from the Valgelind (White Bird) series, showing the bird in a glowing, firelit forest.","robots":{"index":"index","follow":"follow","max-snippet":"max-snippet:-1","max-image-preview":"max-image-preview:large","max-video-preview":"max-video-preview:-1"},"canonical":"https:\/\/pajosart.com\/et\/toode\/who-knows\/","og_locale":"et_EE","og_type":"article","og_title":"VALGELIND - THE ONE WHO KNOWS - PRIIT PAJOS art","og_description":"\u201cThe One Who Knows\u201d is a mystical raven acrylic painting from the Valgelind (White Bird) series, showing the bird in a glowing, firelit forest.","og_url":"https:\/\/pajosart.com\/et\/toode\/who-knows\/","og_site_name":"PRIIT PAJOS art","article_publisher":"https:\/\/www.facebook.com\/pajosartist\/","article_modified_time":"2025-12-16T05:13:06+00:00","og_image":[{"width":1315,"height":1920,"url":"https:\/\/www.pajosart.com\/wp-content\/uploads\/2025\/12\/Valgelind4--scaled.webp","type":"image\/webp"}],"twitter_card":"summary_large_image","twitter_site":"@PriitPajos","twitter_misc":{"Est. reading time":"1 minut"},"schema":{"@context":"https:\/\/schema.org","@graph":[{"@type":"WebPage","@id":"https:\/\/pajosart.com\/et\/toode\/who-knows\/","url":"https:\/\/pajosart.com\/et\/toode\/who-knows\/","name":"VALGELIND - THE ONE WHO KNOWS - PRIIT PAJOS art","isPartOf":{"@id":"https:\/\/www.pajosart.com\/#website"},"primaryImageOfPage":{"@id":"https:\/\/pajosart.com\/et\/toode\/who-knows\/#primaryimage"},"image":{"@id":"https:\/\/pajosart.com\/et\/toode\/who-knows\/#primaryimage"},"thumbnailUrl":"https:\/\/pajosart.com\/wp-content\/uploads\/2025\/12\/Valgelind4--scaled.webp","datePublished":"2025-12-16T05:06:14+00:00","dateModified":"2025-12-16T05:13:06+00:00","description":"\u201cThe One Who Knows\u201d is a mystical raven acrylic painting from the Valgelind (White Bird) series, showing the bird in a glowing, firelit forest.","breadcrumb":{"@id":"https:\/\/pajosart.com\/et\/toode\/who-knows\/#breadcrumb"},"inLanguage":"et","potentialAction":[{"@type":"ReadAction","target":["https:\/\/pajosart.com\/et\/toode\/who-knows\/"]}]},{"@type":"ImageObject","inLanguage":"et","@id":"https:\/\/pajosart.com\/et\/toode\/who-knows\/#primaryimage","url":"https:\/\/pajosart.com\/wp-content\/uploads\/2025\/12\/Valgelind4--scaled.webp","contentUrl":"https:\/\/pajosart.com\/wp-content\/uploads\/2025\/12\/Valgelind4--scaled.webp","width":1315,"height":1920,"caption":"\"The One Who Knows\u201d \u2013 a black raven with its beak open as if calling or warning, painted in front of a dark, burned forest glowing with orange firelight on a charred wood surface."},{"@type":"BreadcrumbList","@id":"https:\/\/pajosart.com\/et\/toode\/who-knows\/#breadcrumb","itemListElement":[{"@type":"ListItem","position":1,"name":"Home","item":"https:\/\/www.pajosart.com\/"},{"@type":"ListItem","position":2,"name":"Privaatpostitus: Pood","item":"https:\/\/pajosart.com\/et\/?page_id=1560"},{"@type":"ListItem","position":3,"name":"VALGELIND &#8211; THE ONE WHO KNOWS"}]},{"@type":"WebSite","@id":"https:\/\/www.pajosart.com\/#website","url":"https:\/\/www.pajosart.com\/","name":"PRIIT PAJOS art","description":"Priit Pajos artist website","publisher":{"@id":"https:\/\/www.pajosart.com\/#organization"},"potentialAction":[{"@type":"SearchAction","target":{"@type":"EntryPoint","urlTemplate":"https:\/\/www.pajosart.com\/?s={search_term_string}"},"query-input":{"@type":"PropertyValueSpecification","valueRequired":true,"valueName":"search_term_string"}}],"inLanguage":"et"},{"@type":"Organization","@id":"https:\/\/www.pajosart.com\/#organization","name":"PRIIT PAJOS art","url":"https:\/\/www.pajosart.com\/","logo":{"@type":"ImageObject","inLanguage":"et","@id":"https:\/\/www.pajosart.com\/#\/schema\/logo\/image\/","url":"https:\/\/pajosart.com\/wp-content\/uploads\/2023\/10\/pajos-logo.png","contentUrl":"https:\/\/pajosart.com\/wp-content\/uploads\/2023\/10\/pajos-logo.png","width":417,"height":285,"caption":"PRIIT PAJOS art"},"image":{"@id":"https:\/\/www.pajosart.com\/#\/schema\/logo\/image\/"},"sameAs":["https:\/\/www.facebook.com\/pajosartist\/","https:\/\/x.com\/PriitPajos","https:\/\/www.instagram.com\/priit_pajos_artist\/","https:\/\/linkedin.com\/in\/priit-pajos-b48b3b74"]}]}},"jetpack_sharing_enabled":true,"_links":{"self":[{"href":"https:\/\/pajosart.com\/et\/wp-json\/wp\/v2\/product\/4251","targetHints":{"allow":["GET"]}}],"collection":[{"href":"https:\/\/pajosart.com\/et\/wp-json\/wp\/v2\/product"}],"about":[{"href":"https:\/\/pajosart.com\/et\/wp-json\/wp\/v2\/types\/product"}],"wp:featuredmedia":[{"embeddable":true,"href":"https:\/\/pajosart.com\/et\/wp-json\/wp\/v2\/media\/4252"}],"wp:attachment":[{"href":"https:\/\/pajosart.com\/et\/wp-json\/wp\/v2\/media?parent=4251"}],"wp:term":[{"taxonomy":"product_brand","embeddable":true,"href":"https:\/\/pajosart.com\/et\/wp-json\/wp\/v2\/product_brand?post=4251"},{"taxonomy":"product_cat","embeddable":true,"href":"https:\/\/pajosart.com\/et\/wp-json\/wp\/v2\/product_cat?post=4251"},{"taxonomy":"product_tag","embeddable":true,"href":"https:\/\/pajosart.com\/et\/wp-json\/wp\/v2\/product_tag?post=4251"}],"curies":[{"name":"wp","href":"https:\/\/api.w.org\/{rel}","templated":true}]}}