{"id":833,"date":"2023-05-07T15:53:06","date_gmt":"2023-05-07T15:53:06","guid":{"rendered":"https:\/\/pajosart.com\/?page_id=833"},"modified":"2026-04-16T20:56:33","modified_gmt":"2026-04-16T17:56:33","slug":"latest-artwork","status":"publish","type":"page","link":"https:\/\/pajosart.com\/et\/latest-artwork\/","title":{"rendered":"HILJUTISED TEOSED"},"content":{"rendered":"<div data-elementor-type=\"wp-page\" data-elementor-id=\"833\" class=\"elementor elementor-833\" data-elementor-post-type=\"page\">\n\t\t\t\t\t\t<section class=\"elementor-section elementor-top-section elementor-element elementor-element-79d487a elementor-section-height-min-height elementor-section-stretched elementor-section-boxed elementor-section-height-default elementor-section-items-middle elementor-invisible\" data-id=\"79d487a\" data-element_type=\"section\" data-e-type=\"section\" data-settings=\"{&quot;background_background&quot;:&quot;classic&quot;,&quot;animation&quot;:&quot;fadeIn&quot;,&quot;stretch_section&quot;:&quot;section-stretched&quot;}\">\n\t\t\t\t\t\t<div class=\"elementor-container elementor-column-gap-default\">\n\t\t\t\t\t<div class=\"elementor-column elementor-col-100 elementor-top-column elementor-element elementor-element-265c421\" data-id=\"265c421\" data-element_type=\"column\" data-e-type=\"column\">\n\t\t\t<div class=\"elementor-widget-wrap elementor-element-populated\">\n\t\t\t\t\t\t<div class=\"elementor-element elementor-element-dcc29c0 elementor-widget elementor-widget-heading\" data-id=\"dcc29c0\" data-element_type=\"widget\" data-e-type=\"widget\" data-widget_type=\"heading.default\">\n\t\t\t\t<div class=\"elementor-widget-container\">\n\t\t\t\t\t<h1 class=\"elementor-heading-title elementor-size-default\">HILJUTISED TEOSED<\/h1>\t\t\t\t<\/div>\n\t\t\t\t<\/div>\n\t\t\t\t\t<\/div>\n\t\t<\/div>\n\t\t\t\t\t<\/div>\n\t\t<\/section>\n\t\t\t\t<section class=\"elementor-section elementor-top-section elementor-element elementor-element-b00257a elementor-section-boxed elementor-section-height-default elementor-section-height-default elementor-invisible\" data-id=\"b00257a\" data-element_type=\"section\" data-e-type=\"section\" data-settings=\"{&quot;animation&quot;:&quot;fadeIn&quot;}\">\n\t\t\t\t\t\t<div class=\"elementor-container elementor-column-gap-default\">\n\t\t\t\t\t<div class=\"elementor-column elementor-col-50 elementor-top-column elementor-element elementor-element-c2c9052\" data-id=\"c2c9052\" data-element_type=\"column\" data-e-type=\"column\">\n\t\t\t<div class=\"elementor-widget-wrap elementor-element-populated\">\n\t\t\t\t\t\t<section class=\"elementor-section elementor-inner-section elementor-element elementor-element-45a414c elementor-section-boxed elementor-section-height-default elementor-section-height-default\" data-id=\"45a414c\" data-element_type=\"section\" data-e-type=\"section\">\n\t\t\t\t\t\t<div class=\"elementor-container elementor-column-gap-default\">\n\t\t\t\t\t<div class=\"elementor-column elementor-col-50 elementor-inner-column elementor-element elementor-element-f1940e4\" data-id=\"f1940e4\" data-element_type=\"column\" data-e-type=\"column\">\n\t\t\t<div class=\"elementor-widget-wrap elementor-element-populated\">\n\t\t\t\t\t\t<div class=\"elementor-element elementor-element-54f6c2e elementor-widget elementor-widget-image\" data-id=\"54f6c2e\" data-element_type=\"widget\" data-e-type=\"widget\" data-widget_type=\"image.default\">\n\t\t\t\t<div class=\"elementor-widget-container\">\n\t\t\t\t\t\t\t\t\t\t\t\t\t\t\t\t<a href=\"https:\/\/pajosart.com\/et\/buy-art\/\">\n\t\t\t\t\t\t\t<img fetchpriority=\"high\" decoding=\"async\" width=\"1920\" height=\"1149\" src=\"https:\/\/www.pajosart.com\/wp-content\/uploads\/2026\/04\/hunt-scaled.webp\" class=\"attachment-full size-full wp-image-4514\" alt=\"\" srcset=\"https:\/\/www.pajosart.com\/wp-content\/uploads\/2026\/04\/hunt-scaled.webp 1920w, https:\/\/www.pajosart.com\/wp-content\/uploads\/2026\/04\/hunt-300x179.webp 300w, https:\/\/www.pajosart.com\/wp-content\/uploads\/2026\/04\/hunt-1024x613.webp 1024w, https:\/\/www.pajosart.com\/wp-content\/uploads\/2026\/04\/hunt-768x459.webp 768w, https:\/\/www.pajosart.com\/wp-content\/uploads\/2026\/04\/hunt-1536x919.webp 1536w, https:\/\/www.pajosart.com\/wp-content\/uploads\/2026\/04\/hunt-18x12.webp 18w, https:\/\/www.pajosart.com\/wp-content\/uploads\/2026\/04\/hunt-600x359.webp 600w\" sizes=\"(max-width: 1920px) 100vw, 1920px\" \/>\t\t\t\t\t\t\t\t<\/a>\n\t\t\t\t\t\t\t\t\t\t\t\t\t\t\t<\/div>\n\t\t\t\t<\/div>\n\t\t\t\t\t<\/div>\n\t\t<\/div>\n\t\t\t\t<div class=\"elementor-column elementor-col-50 elementor-inner-column elementor-element elementor-element-951e120\" data-id=\"951e120\" data-element_type=\"column\" data-e-type=\"column\">\n\t\t\t<div class=\"elementor-widget-wrap elementor-element-populated\">\n\t\t\t\t\t\t<div class=\"elementor-element elementor-element-bb0a102 elementor-widget elementor-widget-heading\" data-id=\"bb0a102\" data-element_type=\"widget\" data-e-type=\"widget\" data-widget_type=\"heading.default\">\n\t\t\t\t<div class=\"elementor-widget-container\">\n\t\t\t\t\t<h5 class=\"elementor-heading-title elementor-size-default\">k\u00f5ige v\u00e4rskem<\/h5>\t\t\t\t<\/div>\n\t\t\t\t<\/div>\n\t\t\t\t<div class=\"elementor-element elementor-element-ec46d8e elementor-widget elementor-widget-spacer\" data-id=\"ec46d8e\" data-element_type=\"widget\" data-e-type=\"widget\" data-widget_type=\"spacer.default\">\n\t\t\t\t<div class=\"elementor-widget-container\">\n\t\t\t\t\t\t\t<div class=\"elementor-spacer\">\n\t\t\t<div class=\"elementor-spacer-inner\"><\/div>\n\t\t<\/div>\n\t\t\t\t\t\t<\/div>\n\t\t\t\t<\/div>\n\t\t\t\t<div class=\"elementor-element elementor-element-7f0ce5a elementor-widget elementor-widget-heading\" data-id=\"7f0ce5a\" data-element_type=\"widget\" data-e-type=\"widget\" data-widget_type=\"heading.default\">\n\t\t\t\t<div class=\"elementor-widget-container\">\n\t\t\t\t\t<h2 class=\"elementor-heading-title elementor-size-default\">*<\/h2>\t\t\t\t<\/div>\n\t\t\t\t<\/div>\n\t\t\t\t<div class=\"elementor-element elementor-element-052cc15 elementor-widget elementor-widget-heading\" data-id=\"052cc15\" data-element_type=\"widget\" data-e-type=\"widget\" data-widget_type=\"heading.default\">\n\t\t\t\t<div class=\"elementor-widget-container\">\n\t\t\t\t\t<h2 class=\"elementor-heading-title elementor-size-default\">SISEMETS - HUNT<\/h2>\t\t\t\t<\/div>\n\t\t\t\t<\/div>\n\t\t\t\t\t<\/div>\n\t\t<\/div>\n\t\t\t\t\t<\/div>\n\t\t<\/section>\n\t\t\t\t\t<\/div>\n\t\t<\/div>\n\t\t\t\t<div class=\"elementor-column elementor-col-50 elementor-top-column elementor-element elementor-element-6c89a03\" data-id=\"6c89a03\" data-element_type=\"column\" data-e-type=\"column\">\n\t\t\t<div class=\"elementor-widget-wrap elementor-element-populated\">\n\t\t\t\t\t\t<div class=\"elementor-element elementor-element-5981777 elementor-skin-slideshow elementor-widget__width-inherit elementor-arrows-yes elementor-widget elementor-widget-media-carousel\" data-id=\"5981777\" data-element_type=\"widget\" data-e-type=\"widget\" data-settings=\"{&quot;skin&quot;:&quot;slideshow&quot;,&quot;slideshow_slides_per_view&quot;:&quot;2&quot;,&quot;centered_slides&quot;:&quot;yes&quot;,&quot;effect&quot;:&quot;slide&quot;,&quot;show_arrows&quot;:&quot;yes&quot;,&quot;speed&quot;:500,&quot;autoplay&quot;:&quot;yes&quot;,&quot;autoplay_speed&quot;:5000,&quot;loop&quot;:&quot;yes&quot;,&quot;pause_on_hover&quot;:&quot;yes&quot;,&quot;pause_on_interaction&quot;:&quot;yes&quot;,&quot;space_between&quot;:{&quot;unit&quot;:&quot;px&quot;,&quot;size&quot;:10,&quot;sizes&quot;:[]},&quot;space_between_tablet&quot;:{&quot;unit&quot;:&quot;px&quot;,&quot;size&quot;:10,&quot;sizes&quot;:[]},&quot;space_between_mobile&quot;:{&quot;unit&quot;:&quot;px&quot;,&quot;size&quot;:10,&quot;sizes&quot;:[]}}\" data-widget_type=\"media-carousel.default\">\n\t\t\t\t<div class=\"elementor-widget-container\">\n\t\t\t\t\t\t\t\t\t<div class=\"elementor-swiper\">\n\t\t\t\t\t<div class=\"elementor-main-swiper swiper\" role=\"region\" aria-roledescription=\"carousel\" aria-label=\"Slides\">\n\t\t\t\t<div class=\"swiper-wrapper\">\n\t\t\t\t\t\t\t\t\t\t\t<div class=\"swiper-slide\" role=\"group\" aria-roledescription=\"slide\">\n\t\t\t\t\t\t\t<a href=\"https:\/\/pajosart.com\/et\/toode\/inner-forest-moose\/\" target=\"_blank\">\t\t<div class=\"elementor-carousel-image\" role=\"img\" aria-label=\"INNER FOREST - MOOSE\" style=\"background-image: url(&#039;https:\/\/www.pajosart.com\/wp-content\/uploads\/2026\/04\/poder2-scaled.webp&#039;)\">\n\n\t\t\t\n\t\t\t\t\t<\/div>\n\t\t<\/a>\t\t\t\t\t\t<\/div>\n\t\t\t\t\t\t\t\t\t\t\t<div class=\"swiper-slide\" role=\"group\" aria-roledescription=\"slide\">\n\t\t\t\t\t\t\t<a href=\"https:\/\/pajosart.com\/et\/toode\/sound-of-everything\/\" target=\"_blank\">\t\t<div class=\"elementor-carousel-image\" role=\"img\" aria-label=\"K\u00d5IGE H\u00c4\u00c4L\" style=\"background-image: url(&#039;https:\/\/www.pajosart.com\/wp-content\/uploads\/2025\/09\/shamaan-1-scaled.webp&#039;)\">\n\n\t\t\t\n\t\t\t\t\t<\/div>\n\t\t<\/a>\t\t\t\t\t\t<\/div>\n\t\t\t\t\t\t\t\t\t\t\t<div class=\"swiper-slide\" role=\"group\" aria-roledescription=\"slide\">\n\t\t\t\t\t\t\t<a href=\"https:\/\/pajosart.com\/et\/toode\/listener\/\" target=\"_blank\">\t\t<div class=\"elementor-carousel-image\" role=\"img\" aria-label=\"KUULAJA\" style=\"background-image: url(&#039;https:\/\/www.pajosart.com\/wp-content\/uploads\/2025\/09\/tulekuulaja-scaled.webp&#039;)\">\n\n\t\t\t\n\t\t\t\t\t<\/div>\n\t\t<\/a>\t\t\t\t\t\t<\/div>\n\t\t\t\t\t\t\t\t\t\t\t<div class=\"swiper-slide\" role=\"group\" aria-roledescription=\"slide\">\n\t\t\t\t\t\t\t<a href=\"https:\/\/pajosart.com\/et\/toode\/initiation\/\" target=\"_blank\">\t\t<div class=\"elementor-carousel-image\" role=\"img\" aria-label=\"P\u00dcHITSUS\" style=\"background-image: url(&#039;https:\/\/www.pajosart.com\/wp-content\/uploads\/2025\/09\/puhitsus-scaled.webp&#039;)\">\n\n\t\t\t\n\t\t\t\t\t<\/div>\n\t\t<\/a>\t\t\t\t\t\t<\/div>\n\t\t\t\t\t\t\t\t\t\t\t<div class=\"swiper-slide\" role=\"group\" aria-roledescription=\"slide\">\n\t\t\t\t\t\t\t<a href=\"https:\/\/pajosart.com\/et\/toode\/valgelind-the-one-who-brings\/\" target=\"_blank\">\t\t<div class=\"elementor-carousel-image\" role=\"img\" aria-label=\"A black raven with wings spread wide, caught in mid-flight against a dark, burned forest glowing with orange firelight, painted in acrylic on charred wood.\" style=\"background-image: url(&#039;https:\/\/www.pajosart.com\/wp-content\/uploads\/2025\/12\/Valgelind1-45-.webp&#039;)\">\n\n\t\t\t\n\t\t\t\t\t<\/div>\n\t\t<\/a>\t\t\t\t\t\t<\/div>\n\t\t\t\t\t\t\t\t\t\t\t<div class=\"swiper-slide\" role=\"group\" aria-roledescription=\"slide\">\n\t\t\t\t\t\t\t<a href=\"https:\/\/pajosart.com\/et\/toode\/valgelind-the-one-who-waits\/\" target=\"_blank\">\t\t<div class=\"elementor-carousel-image\" role=\"img\" aria-label=\"\u201cThe One Who Waits\u201d \u2013 a close-up painting of a black raven standing in a dark, burned-looking forest, its feathers catching cool blue highlights against a glowing orange and yellow background that suggests fire or fading light between tall tree trunks.\" style=\"background-image: url(&#039;https:\/\/www.pajosart.com\/wp-content\/uploads\/2026\/01\/kes-ootab-scaled.webp&#039;)\">\n\n\t\t\t\n\t\t\t\t\t<\/div>\n\t\t<\/a>\t\t\t\t\t\t<\/div>\n\t\t\t\t\t\t\t\t\t\t\t<div class=\"swiper-slide\" role=\"group\" aria-roledescription=\"slide\">\n\t\t\t\t\t\t\t<a href=\"https:\/\/pajosart.com\/et\/toode\/cranes-thirsty-for-life\/\" target=\"_blank\">\t\t<div class=\"elementor-carousel-image\" role=\"img\" aria-label=\"Priit Pajos painting Cranes thirsty for life\" style=\"background-image: url(&#039;https:\/\/www.pajosart.com\/wp-content\/uploads\/2025\/03\/cranes_thirsty_of_life_pajos_painting.webp&#039;)\">\n\n\t\t\t\n\t\t\t\t\t<\/div>\n\t\t<\/a>\t\t\t\t\t\t<\/div>\n\t\t\t\t\t\t\t\t\t\t\t<div class=\"swiper-slide\" role=\"group\" aria-roledescription=\"slide\">\n\t\t\t\t\t\t\t<a href=\"https:\/\/pajosart.com\/et\/toode\/walk-in-the-meadow\/\" target=\"_blank\">\t\t<div class=\"elementor-carousel-image\" role=\"img\" aria-label=\"JALUTUSK\u00c4IK AASAL\" style=\"background-image: url(&#039;https:\/\/www.pajosart.com\/wp-content\/uploads\/2025\/10\/shivoham-scaled.png&#039;)\">\n\n\t\t\t\n\t\t\t\t\t<\/div>\n\t\t<\/a>\t\t\t\t\t\t<\/div>\n\t\t\t\t\t\t\t\t\t\t\t<div class=\"swiper-slide\" role=\"group\" aria-roledescription=\"slide\">\n\t\t\t\t\t\t\t<a href=\"https:\/\/pajosart.com\/et\/toode\/nature2\/\">\t\t<div class=\"elementor-carousel-image\" role=\"img\" aria-label=\"Pajos nature2 frame\" style=\"background-image: url(&#039;https:\/\/www.pajosart.com\/wp-content\/uploads\/2025\/11\/tulemees-raam-1500.webp&#039;)\">\n\n\t\t\t\n\t\t\t\t\t<\/div>\n\t\t<\/a>\t\t\t\t\t\t<\/div>\n\t\t\t\t\t\t\t\t\t\t\t<div class=\"swiper-slide\" role=\"group\" aria-roledescription=\"slide\">\n\t\t\t\t\t\t\t<a href=\"https:\/\/pajosart.com\/et\/toode\/nature1\/\" target=\"_blank\">\t\t<div class=\"elementor-carousel-image\" role=\"img\" aria-label=\"Pajos- The Nature of Nature\" style=\"background-image: url(&#039;https:\/\/www.pajosart.com\/wp-content\/uploads\/2025\/11\/nature-of-nature-frame-1-scaled.webp&#039;)\">\n\n\t\t\t\n\t\t\t\t\t<\/div>\n\t\t<\/a>\t\t\t\t\t\t<\/div>\n\t\t\t\t\t\t\t\t\t<\/div>\n\t\t\t\t\t\t\t\t\t\t\t\t\t\t\t<div class=\"elementor-swiper-button elementor-swiper-button-prev\" role=\"button\" tabindex=\"0\" aria-label=\"Previous\">\n\t\t\t\t\t\t\t<i aria-hidden=\"true\" class=\"eicon-chevron-left\"><\/i>\t\t\t\t\t\t<\/div>\n\t\t\t\t\t\t<div class=\"elementor-swiper-button elementor-swiper-button-next\" role=\"button\" tabindex=\"0\" aria-label=\"Next\">\n\t\t\t\t\t\t\t<i aria-hidden=\"true\" class=\"eicon-chevron-right\"><\/i>\t\t\t\t\t\t<\/div>\n\t\t\t\t\t\t\t\t\t\t\t\t\t\t\t\t\t<\/div>\n\t\t\t\t<\/div>\n\t\t\t\t\t\t\t\t<div class=\"elementor-swiper\">\n\t\t\t\t\t<div class=\"elementor-main-swiper swiper elementor-thumbnails-swiper swiper\" role=\"region region\" aria-roledescription=\"carousel carousel\" aria-label=\"Slides Slides\">\n\t\t\t\t<div class=\"swiper-wrapper\">\n\t\t\t\t\t\t\t\t\t\t\t<div class=\"swiper-slide\" role=\"group\" aria-roledescription=\"slide\">\n\t\t\t\t\t\t\t\t\t<div class=\"elementor-carousel-image\" role=\"img\" aria-label=\"INNER FOREST - MOOSE\" style=\"background-image: url(&#039;https:\/\/www.pajosart.com\/wp-content\/uploads\/2026\/04\/poder2-scaled.webp&#039;)\">\n\n\t\t\t\n\t\t\t\t\t<\/div>\n\t\t<\/a>\t\t\t\t\t\t<\/div>\n\t\t\t\t\t\t\t\t\t\t\t<div class=\"swiper-slide\" role=\"group\" aria-roledescription=\"slide\">\n\t\t\t\t\t\t\t\t\t<div class=\"elementor-carousel-image\" role=\"img\" aria-label=\"K\u00d5IGE H\u00c4\u00c4L\" style=\"background-image: url(&#039;https:\/\/www.pajosart.com\/wp-content\/uploads\/2025\/09\/shamaan-1-scaled.webp&#039;)\">\n\n\t\t\t\n\t\t\t\t\t<\/div>\n\t\t<\/a>\t\t\t\t\t\t<\/div>\n\t\t\t\t\t\t\t\t\t\t\t<div class=\"swiper-slide\" role=\"group\" aria-roledescription=\"slide\">\n\t\t\t\t\t\t\t\t\t<div class=\"elementor-carousel-image\" role=\"img\" aria-label=\"KUULAJA\" style=\"background-image: url(&#039;https:\/\/www.pajosart.com\/wp-content\/uploads\/2025\/09\/tulekuulaja-scaled.webp&#039;)\">\n\n\t\t\t\n\t\t\t\t\t<\/div>\n\t\t<\/a>\t\t\t\t\t\t<\/div>\n\t\t\t\t\t\t\t\t\t\t\t<div class=\"swiper-slide\" role=\"group\" aria-roledescription=\"slide\">\n\t\t\t\t\t\t\t\t\t<div class=\"elementor-carousel-image\" role=\"img\" aria-label=\"P\u00dcHITSUS\" style=\"background-image: url(&#039;https:\/\/www.pajosart.com\/wp-content\/uploads\/2025\/09\/puhitsus-scaled.webp&#039;)\">\n\n\t\t\t\n\t\t\t\t\t<\/div>\n\t\t<\/a>\t\t\t\t\t\t<\/div>\n\t\t\t\t\t\t\t\t\t\t\t<div class=\"swiper-slide\" role=\"group\" aria-roledescription=\"slide\">\n\t\t\t\t\t\t\t\t\t<div class=\"elementor-carousel-image\" role=\"img\" aria-label=\"A black raven with wings spread wide, caught in mid-flight against a dark, burned forest glowing with orange firelight, painted in acrylic on charred wood.\" style=\"background-image: url(&#039;https:\/\/www.pajosart.com\/wp-content\/uploads\/2025\/12\/Valgelind1-45-.webp&#039;)\">\n\n\t\t\t\n\t\t\t\t\t<\/div>\n\t\t<\/a>\t\t\t\t\t\t<\/div>\n\t\t\t\t\t\t\t\t\t\t\t<div class=\"swiper-slide\" role=\"group\" aria-roledescription=\"slide\">\n\t\t\t\t\t\t\t\t\t<div class=\"elementor-carousel-image\" role=\"img\" aria-label=\"\u201cThe One Who Waits\u201d \u2013 a close-up painting of a black raven standing in a dark, burned-looking forest, its feathers catching cool blue highlights against a glowing orange and yellow background that suggests fire or fading light between tall tree trunks.\" style=\"background-image: url(&#039;https:\/\/www.pajosart.com\/wp-content\/uploads\/2026\/01\/kes-ootab-scaled.webp&#039;)\">\n\n\t\t\t\n\t\t\t\t\t<\/div>\n\t\t<\/a>\t\t\t\t\t\t<\/div>\n\t\t\t\t\t\t\t\t\t\t\t<div class=\"swiper-slide\" role=\"group\" aria-roledescription=\"slide\">\n\t\t\t\t\t\t\t\t\t<div class=\"elementor-carousel-image\" role=\"img\" aria-label=\"Priit Pajos painting Cranes thirsty for life\" style=\"background-image: url(&#039;https:\/\/www.pajosart.com\/wp-content\/uploads\/2025\/03\/cranes_thirsty_of_life_pajos_painting.webp&#039;)\">\n\n\t\t\t\n\t\t\t\t\t<\/div>\n\t\t<\/a>\t\t\t\t\t\t<\/div>\n\t\t\t\t\t\t\t\t\t\t\t<div class=\"swiper-slide\" role=\"group\" aria-roledescription=\"slide\">\n\t\t\t\t\t\t\t\t\t<div class=\"elementor-carousel-image\" role=\"img\" aria-label=\"JALUTUSK\u00c4IK AASAL\" style=\"background-image: url(&#039;https:\/\/www.pajosart.com\/wp-content\/uploads\/2025\/10\/shivoham-scaled.png&#039;)\">\n\n\t\t\t\n\t\t\t\t\t<\/div>\n\t\t<\/a>\t\t\t\t\t\t<\/div>\n\t\t\t\t\t\t\t\t\t\t\t<div class=\"swiper-slide\" role=\"group\" aria-roledescription=\"slide\">\n\t\t\t\t\t\t\t\t\t<div class=\"elementor-carousel-image\" role=\"img\" aria-label=\"Pajos nature2 frame\" style=\"background-image: url(&#039;https:\/\/www.pajosart.com\/wp-content\/uploads\/2025\/11\/tulemees-raam-1500.webp&#039;)\">\n\n\t\t\t\n\t\t\t\t\t<\/div>\n\t\t<\/a>\t\t\t\t\t\t<\/div>\n\t\t\t\t\t\t\t\t\t\t\t<div class=\"swiper-slide\" role=\"group\" aria-roledescription=\"slide\">\n\t\t\t\t\t\t\t\t\t<div class=\"elementor-carousel-image\" role=\"img\" aria-label=\"Pajos- The Nature of Nature\" style=\"background-image: url(&#039;https:\/\/www.pajosart.com\/wp-content\/uploads\/2025\/11\/nature-of-nature-frame-1-scaled.webp&#039;)\">\n\n\t\t\t\n\t\t\t\t\t<\/div>\n\t\t<\/a>\t\t\t\t\t\t<\/div>\n\t\t\t\t\t\t\t\t\t<\/div>\n\t\t\t\t\t\t\t\t\t\t\t\t\t\t\t\t\t\t\t\t\t<\/div>\n\t\t\t\t<\/div>\n\t\t\t\t\t\t\t\t<\/div>\n\t\t\t\t<\/div>\n\t\t\t\t\t<\/div>\n\t\t<\/div>\n\t\t\t\t\t<\/div>\n\t\t<\/section>\n\t\t\t\t<\/div>","protected":false},"excerpt":{"rendered":"<p>LATEST ARTWORK the very latest * INNER FOREST &#8211; WOLF<\/p>","protected":false},"author":1,"featured_media":0,"parent":0,"menu_order":0,"comment_status":"closed","ping_status":"closed","template":"","meta":{"jetpack_post_was_ever_published":false,"footnotes":""},"class_list":["post-833","page","type-page","status-publish","hentry"],"yoast_head":"<!-- This site is optimized with the Yoast SEO plugin v27.4 - https:\/\/yoast.com\/product\/yoast-seo-wordpress\/ -->\n<title>LATEST ARTWORK - PRIIT PAJOS art<\/title>\n<meta name=\"robots\" content=\"index, follow, max-snippet:-1, max-image-preview:large, max-video-preview:-1\" \/>\n<link rel=\"canonical\" href=\"https:\/\/pajosart.com\/et\/latest-artwork\/\" \/>\n<meta property=\"og:locale\" content=\"et_EE\" \/>\n<meta property=\"og:type\" content=\"article\" \/>\n<meta property=\"og:title\" content=\"LATEST ARTWORK - PRIIT PAJOS art\" \/>\n<meta property=\"og:description\" content=\"LATEST ARTWORK the very latest * INNER FOREST &#8211; WOLF\" \/>\n<meta property=\"og:url\" content=\"https:\/\/pajosart.com\/et\/latest-artwork\/\" \/>\n<meta property=\"og:site_name\" content=\"PRIIT PAJOS art\" \/>\n<meta property=\"article:publisher\" content=\"https:\/\/www.facebook.com\/pajosartist\/\" \/>\n<meta property=\"article:modified_time\" content=\"2026-04-16T17:56:33+00:00\" \/>\n<meta property=\"og:image\" content=\"https:\/\/pajosart.com\/wp-content\/uploads\/2026\/04\/hunt-scaled.webp\" \/>\n<meta name=\"twitter:card\" content=\"summary_large_image\" \/>\n<meta name=\"twitter:site\" content=\"@PriitPajos\" \/>\n<meta name=\"twitter:label1\" content=\"Est. reading time\" \/>\n\t<meta name=\"twitter:data1\" content=\"1 minut\" \/>\n<script type=\"application\/ld+json\" class=\"yoast-schema-graph\">{\"@context\":\"https:\\\/\\\/schema.org\",\"@graph\":[{\"@type\":\"WebPage\",\"@id\":\"https:\\\/\\\/pajosart.com\\\/latest-artwork\\\/\",\"url\":\"https:\\\/\\\/pajosart.com\\\/latest-artwork\\\/\",\"name\":\"LATEST ARTWORK - PRIIT PAJOS art\",\"isPartOf\":{\"@id\":\"https:\\\/\\\/www.pajosart.com\\\/#website\"},\"primaryImageOfPage\":{\"@id\":\"https:\\\/\\\/pajosart.com\\\/latest-artwork\\\/#primaryimage\"},\"image\":{\"@id\":\"https:\\\/\\\/pajosart.com\\\/latest-artwork\\\/#primaryimage\"},\"thumbnailUrl\":\"https:\\\/\\\/pajosart.com\\\/wp-content\\\/uploads\\\/2026\\\/04\\\/hunt-scaled.webp\",\"datePublished\":\"2023-05-07T15:53:06+00:00\",\"dateModified\":\"2026-04-16T17:56:33+00:00\",\"breadcrumb\":{\"@id\":\"https:\\\/\\\/pajosart.com\\\/latest-artwork\\\/#breadcrumb\"},\"inLanguage\":\"et\",\"potentialAction\":[{\"@type\":\"ReadAction\",\"target\":[\"https:\\\/\\\/pajosart.com\\\/latest-artwork\\\/\"]}]},{\"@type\":\"ImageObject\",\"inLanguage\":\"et\",\"@id\":\"https:\\\/\\\/pajosart.com\\\/latest-artwork\\\/#primaryimage\",\"url\":\"https:\\\/\\\/pajosart.com\\\/wp-content\\\/uploads\\\/2026\\\/04\\\/hunt-scaled.webp\",\"contentUrl\":\"https:\\\/\\\/pajosart.com\\\/wp-content\\\/uploads\\\/2026\\\/04\\\/hunt-scaled.webp\"},{\"@type\":\"BreadcrumbList\",\"@id\":\"https:\\\/\\\/pajosart.com\\\/latest-artwork\\\/#breadcrumb\",\"itemListElement\":[{\"@type\":\"ListItem\",\"position\":1,\"name\":\"Home\",\"item\":\"https:\\\/\\\/www.pajosart.com\\\/\"},{\"@type\":\"ListItem\",\"position\":2,\"name\":\"LATEST ARTWORK\"}]},{\"@type\":\"WebSite\",\"@id\":\"https:\\\/\\\/www.pajosart.com\\\/#website\",\"url\":\"https:\\\/\\\/www.pajosart.com\\\/\",\"name\":\"PRIIT PAJOS art\",\"description\":\"Priit Pajos artist website\",\"publisher\":{\"@id\":\"https:\\\/\\\/www.pajosart.com\\\/#organization\"},\"potentialAction\":[{\"@type\":\"SearchAction\",\"target\":{\"@type\":\"EntryPoint\",\"urlTemplate\":\"https:\\\/\\\/www.pajosart.com\\\/?s={search_term_string}\"},\"query-input\":{\"@type\":\"PropertyValueSpecification\",\"valueRequired\":true,\"valueName\":\"search_term_string\"}}],\"inLanguage\":\"et\"},{\"@type\":\"Organization\",\"@id\":\"https:\\\/\\\/www.pajosart.com\\\/#organization\",\"name\":\"PRIIT PAJOS art\",\"url\":\"https:\\\/\\\/www.pajosart.com\\\/\",\"logo\":{\"@type\":\"ImageObject\",\"inLanguage\":\"et\",\"@id\":\"https:\\\/\\\/www.pajosart.com\\\/#\\\/schema\\\/logo\\\/image\\\/\",\"url\":\"https:\\\/\\\/www.pajosart.com\\\/wp-content\\\/uploads\\\/2023\\\/10\\\/pajos-logo.png\",\"contentUrl\":\"https:\\\/\\\/www.pajosart.com\\\/wp-content\\\/uploads\\\/2023\\\/10\\\/pajos-logo.png\",\"width\":417,\"height\":285,\"caption\":\"PRIIT PAJOS art\"},\"image\":{\"@id\":\"https:\\\/\\\/www.pajosart.com\\\/#\\\/schema\\\/logo\\\/image\\\/\"},\"sameAs\":[\"https:\\\/\\\/www.facebook.com\\\/pajosartist\\\/\",\"https:\\\/\\\/x.com\\\/PriitPajos\",\"https:\\\/\\\/www.instagram.com\\\/priit_pajos_artist\\\/\",\"https:\\\/\\\/linkedin.com\\\/in\\\/priit-pajos-b48b3b74\"]}]}<\/script>\n<!-- \/ Yoast SEO plugin. -->","yoast_head_json":{"title":"LATEST ARTWORK - PRIIT PAJOS art","robots":{"index":"index","follow":"follow","max-snippet":"max-snippet:-1","max-image-preview":"max-image-preview:large","max-video-preview":"max-video-preview:-1"},"canonical":"https:\/\/pajosart.com\/et\/latest-artwork\/","og_locale":"et_EE","og_type":"article","og_title":"LATEST ARTWORK - PRIIT PAJOS art","og_description":"LATEST ARTWORK the very latest * INNER FOREST &#8211; WOLF","og_url":"https:\/\/pajosart.com\/et\/latest-artwork\/","og_site_name":"PRIIT PAJOS art","article_publisher":"https:\/\/www.facebook.com\/pajosartist\/","article_modified_time":"2026-04-16T17:56:33+00:00","og_image":[{"url":"https:\/\/pajosart.com\/wp-content\/uploads\/2026\/04\/hunt-scaled.webp","type":"","width":"","height":""}],"twitter_card":"summary_large_image","twitter_site":"@PriitPajos","twitter_misc":{"Est. reading time":"1 minut"},"schema":{"@context":"https:\/\/schema.org","@graph":[{"@type":"WebPage","@id":"https:\/\/pajosart.com\/latest-artwork\/","url":"https:\/\/pajosart.com\/latest-artwork\/","name":"LATEST ARTWORK - PRIIT PAJOS art","isPartOf":{"@id":"https:\/\/www.pajosart.com\/#website"},"primaryImageOfPage":{"@id":"https:\/\/pajosart.com\/latest-artwork\/#primaryimage"},"image":{"@id":"https:\/\/pajosart.com\/latest-artwork\/#primaryimage"},"thumbnailUrl":"https:\/\/pajosart.com\/wp-content\/uploads\/2026\/04\/hunt-scaled.webp","datePublished":"2023-05-07T15:53:06+00:00","dateModified":"2026-04-16T17:56:33+00:00","breadcrumb":{"@id":"https:\/\/pajosart.com\/latest-artwork\/#breadcrumb"},"inLanguage":"et","potentialAction":[{"@type":"ReadAction","target":["https:\/\/pajosart.com\/latest-artwork\/"]}]},{"@type":"ImageObject","inLanguage":"et","@id":"https:\/\/pajosart.com\/latest-artwork\/#primaryimage","url":"https:\/\/pajosart.com\/wp-content\/uploads\/2026\/04\/hunt-scaled.webp","contentUrl":"https:\/\/pajosart.com\/wp-content\/uploads\/2026\/04\/hunt-scaled.webp"},{"@type":"BreadcrumbList","@id":"https:\/\/pajosart.com\/latest-artwork\/#breadcrumb","itemListElement":[{"@type":"ListItem","position":1,"name":"Home","item":"https:\/\/www.pajosart.com\/"},{"@type":"ListItem","position":2,"name":"LATEST ARTWORK"}]},{"@type":"WebSite","@id":"https:\/\/www.pajosart.com\/#website","url":"https:\/\/www.pajosart.com\/","name":"PRIIT PAJOS art","description":"Priit Pajos artist website","publisher":{"@id":"https:\/\/www.pajosart.com\/#organization"},"potentialAction":[{"@type":"SearchAction","target":{"@type":"EntryPoint","urlTemplate":"https:\/\/www.pajosart.com\/?s={search_term_string}"},"query-input":{"@type":"PropertyValueSpecification","valueRequired":true,"valueName":"search_term_string"}}],"inLanguage":"et"},{"@type":"Organization","@id":"https:\/\/www.pajosart.com\/#organization","name":"PRIIT PAJOS art","url":"https:\/\/www.pajosart.com\/","logo":{"@type":"ImageObject","inLanguage":"et","@id":"https:\/\/www.pajosart.com\/#\/schema\/logo\/image\/","url":"https:\/\/www.pajosart.com\/wp-content\/uploads\/2023\/10\/pajos-logo.png","contentUrl":"https:\/\/www.pajosart.com\/wp-content\/uploads\/2023\/10\/pajos-logo.png","width":417,"height":285,"caption":"PRIIT PAJOS art"},"image":{"@id":"https:\/\/www.pajosart.com\/#\/schema\/logo\/image\/"},"sameAs":["https:\/\/www.facebook.com\/pajosartist\/","https:\/\/x.com\/PriitPajos","https:\/\/www.instagram.com\/priit_pajos_artist\/","https:\/\/linkedin.com\/in\/priit-pajos-b48b3b74"]}]}},"jetpack_sharing_enabled":true,"_links":{"self":[{"href":"https:\/\/pajosart.com\/et\/wp-json\/wp\/v2\/pages\/833","targetHints":{"allow":["GET"]}}],"collection":[{"href":"https:\/\/pajosart.com\/et\/wp-json\/wp\/v2\/pages"}],"about":[{"href":"https:\/\/pajosart.com\/et\/wp-json\/wp\/v2\/types\/page"}],"author":[{"embeddable":true,"href":"https:\/\/pajosart.com\/et\/wp-json\/wp\/v2\/users\/1"}],"replies":[{"embeddable":true,"href":"https:\/\/pajosart.com\/et\/wp-json\/wp\/v2\/comments?post=833"}],"version-history":[{"count":5,"href":"https:\/\/pajosart.com\/et\/wp-json\/wp\/v2\/pages\/833\/revisions"}],"predecessor-version":[{"id":4564,"href":"https:\/\/pajosart.com\/et\/wp-json\/wp\/v2\/pages\/833\/revisions\/4564"}],"wp:attachment":[{"href":"https:\/\/pajosart.com\/et\/wp-json\/wp\/v2\/media?parent=833"}],"curies":[{"name":"wp","href":"https:\/\/api.w.org\/{rel}","templated":true}]}}