{"id":2989,"date":"2023-11-22T12:12:07","date_gmt":"2023-11-22T12:12:07","guid":{"rendered":"https:\/\/pajosart.com\/?page_id=2989"},"modified":"2024-01-18T21:44:13","modified_gmt":"2024-01-18T19:44:13","slug":"blog","status":"publish","type":"page","link":"https:\/\/pajosart.com\/et\/blog\/","title":{"rendered":"BLOGI"},"content":{"rendered":"<div data-elementor-type=\"wp-page\" data-elementor-id=\"2989\" class=\"elementor elementor-2989\" data-elementor-post-type=\"page\">\n\t\t\t\t\t\t<section class=\"elementor-section elementor-top-section elementor-element elementor-element-fab5b43 elementor-section-height-min-height elementor-section-stretched elementor-section-boxed elementor-section-height-default elementor-section-items-middle elementor-invisible\" data-id=\"fab5b43\" data-element_type=\"section\" data-e-type=\"section\" data-settings=\"{&quot;background_background&quot;:&quot;classic&quot;,&quot;animation&quot;:&quot;fadeIn&quot;,&quot;stretch_section&quot;:&quot;section-stretched&quot;}\">\n\t\t\t\t\t\t<div class=\"elementor-container elementor-column-gap-default\">\n\t\t\t\t\t<div class=\"elementor-column elementor-col-100 elementor-top-column elementor-element elementor-element-9d8e881\" data-id=\"9d8e881\" data-element_type=\"column\" data-e-type=\"column\">\n\t\t\t<div class=\"elementor-widget-wrap elementor-element-populated\">\n\t\t\t\t\t\t<div class=\"elementor-element elementor-element-8f64020 elementor-widget elementor-widget-heading\" data-id=\"8f64020\" data-element_type=\"widget\" data-e-type=\"widget\" data-widget_type=\"heading.default\">\n\t\t\t\t<div class=\"elementor-widget-container\">\n\t\t\t\t\t<h1 class=\"elementor-heading-title elementor-size-default\">BLOGI<\/h1>\t\t\t\t<\/div>\n\t\t\t\t<\/div>\n\t\t\t\t\t<\/div>\n\t\t<\/div>\n\t\t\t\t\t<\/div>\n\t\t<\/section>\n\t\t\t\t<section class=\"elementor-section elementor-top-section elementor-element elementor-element-e944ed2 elementor-section-boxed elementor-section-height-default elementor-section-height-default\" data-id=\"e944ed2\" data-element_type=\"section\" data-e-type=\"section\">\n\t\t\t\t\t\t<div class=\"elementor-container elementor-column-gap-default\">\n\t\t\t\t\t<div class=\"elementor-column elementor-col-100 elementor-top-column elementor-element elementor-element-54d7269\" data-id=\"54d7269\" data-element_type=\"column\" data-e-type=\"column\">\n\t\t\t<div class=\"elementor-widget-wrap elementor-element-populated\">\n\t\t\t\t\t\t<div class=\"elementor-element elementor-element-2d2b8a9 elementor-grid-2 elementor-posts--align-left elementor-grid-tablet-2 elementor-grid-mobile-1 elementor-posts--thumbnail-top elementor-widget elementor-widget-posts\" data-id=\"2d2b8a9\" data-element_type=\"widget\" data-e-type=\"widget\" data-settings=\"{&quot;classic_columns&quot;:&quot;2&quot;,&quot;pagination_type&quot;:&quot;numbers_and_prev_next&quot;,&quot;classic_columns_tablet&quot;:&quot;2&quot;,&quot;classic_columns_mobile&quot;:&quot;1&quot;,&quot;classic_row_gap&quot;:{&quot;unit&quot;:&quot;px&quot;,&quot;size&quot;:35,&quot;sizes&quot;:[]},&quot;classic_row_gap_tablet&quot;:{&quot;unit&quot;:&quot;px&quot;,&quot;size&quot;:&quot;&quot;,&quot;sizes&quot;:[]},&quot;classic_row_gap_mobile&quot;:{&quot;unit&quot;:&quot;px&quot;,&quot;size&quot;:&quot;&quot;,&quot;sizes&quot;:[]}}\" data-widget_type=\"posts.classic\">\n\t\t\t\t<div class=\"elementor-widget-container\">\n\t\t\t\t\t\t\t<div class=\"elementor-posts-container elementor-posts elementor-posts--skin-classic elementor-grid\">\n\t\t\t\t<article class=\"elementor-post elementor-grid-item post-4221 post type-post status-publish format-standard hentry category-uncategorized tag-artwork tag-energy tag-feminine tag-masculine tag-oilpainting tag-pajos tag-plywood\">\n\t\t\t\t<div class=\"elementor-post__text\">\n\t\t\t\t<h3 class=\"elementor-post__title\">\n\t\t\t<a href=\"https:\/\/pajosart.com\/et\/two-paintings-two-different-forces\/\" >\n\t\t\t\tKaks maali - kaks j\u00f5udu\t\t\t<\/a>\n\t\t<\/h3>\n\t\t\t\t<div class=\"elementor-post__meta-data\">\n\t\t\t\t\t<span class=\"elementor-post-date\">\n\t\t\tnovember 24, 2025\t\t<\/span>\n\t\t\t\t<\/div>\n\t\t\t\t<div class=\"elementor-post__excerpt\">\n\t\t\t<p>Lately I\u2019ve been looking more deeply at two forces of nature \u2013 the feminine creative energy and the masculine destructive force. My last two paintings are about exactly that. I painted them in parallel and finished them almost at the same time. You could say they are a pair \u2013 \u201cThe Natur of Nature 1\u201d and \u201cThe Nature of Nature 2\u201d. The Nature of Nature 2 oil on plywood 2025 In this painting, a destructive giant rises above the forest and the meadow together with his strange companions. Just like Shiva \u2013 a devastating force without personal intention or guilt. At the same time, there is a kind of playful beauty in this chaotic movement: a reminder that decay clears<\/p>\n\t\t<\/div>\n\t\t\n\t\t<a class=\"elementor-post__read-more\" href=\"https:\/\/pajosart.com\/et\/two-paintings-two-different-forces\/\" aria-label=\"Read more about Two paintings &#8211; two different forces\" tabindex=\"-1\" >\n\t\t\tLoe edasi\t\t<\/a>\n\n\t\t\t\t<\/div>\n\t\t\t\t<\/article>\n\t\t\t\t<article class=\"elementor-post elementor-grid-item post-3885 post type-post status-publish format-standard hentry category-uncategorized\">\n\t\t\t\t<div class=\"elementor-post__text\">\n\t\t\t\t<h3 class=\"elementor-post__title\">\n\t\t\t<a href=\"https:\/\/pajosart.com\/et\/the-mystical-dimension-of-art-why-we-need-mystery-in-our-lives\/\" >\n\t\t\t\tThe Mystical Dimension of Art \u2013 Why We Need Mystery in Our Lives\t\t\t<\/a>\n\t\t<\/h3>\n\t\t\t\t<div class=\"elementor-post__meta-data\">\n\t\t\t\t\t<span class=\"elementor-post-date\">\n\t\t\tseptember 23, 2025\t\t<\/span>\n\t\t\t\t<\/div>\n\t\t\t\t<div class=\"elementor-post__excerpt\">\n\t\t\t<p>I believe that every person needs a certain dimension of mysticism in their life, because life in its very essence is one great mystery. Too often, our rational mind reduces this depth into a flat, two-dimensional banality. From the perspective of logic, life appears as a linear timeline that begins with birth and ends with death. But when viewed only this way, we miss the profound layers and hidden depths that existence truly holds. Mysticism in Estonian Art I have been called one of the mystics of Estonian art. Perhaps this is an exaggeration, but the mystical dimension is not so difficult to notice. It lives within us constantly, waiting for a quiet moment of stillness to be discovered. Mysticism<\/p>\n\t\t<\/div>\n\t\t\n\t\t<a class=\"elementor-post__read-more\" href=\"https:\/\/pajosart.com\/et\/the-mystical-dimension-of-art-why-we-need-mystery-in-our-lives\/\" aria-label=\"Read more about The Mystical Dimension of Art \u2013 Why We Need Mystery in Our Lives\" tabindex=\"-1\" >\n\t\t\tLoe edasi\t\t<\/a>\n\n\t\t\t\t<\/div>\n\t\t\t\t<\/article>\n\t\t\t\t<article class=\"elementor-post elementor-grid-item post-3428 post type-post status-publish format-standard hentry category-art category-modern-art category-oilpainting category-painting tag-artist tag-artist-group tag-estonianart tag-estonianartists tag-kursi-koolkond tag-oilpainting\">\n\t\t\t\t<div class=\"elementor-post__text\">\n\t\t\t\t<h3 class=\"elementor-post__title\">\n\t\t\t<a href=\"https:\/\/pajosart.com\/et\/kursi-koolkond-artist-group-kursi-school\/\" >\n\t\t\t\tKursi Koolkond\t\t\t<\/a>\n\t\t<\/h3>\n\t\t\t\t<div class=\"elementor-post__meta-data\">\n\t\t\t\t\t<span class=\"elementor-post-date\">\n\t\t\taprill 21, 2024\t\t<\/span>\n\t\t\t\t<\/div>\n\t\t\t\t<div class=\"elementor-post__excerpt\">\n\t\t\t<p>Here is a small introduction to the artists group called Kursi Koolkond. The artist group originally created in 1988 by 4 young men -Peeter Allik, Ilmar Kruusam\u00e4e, Priit Pangsepp and Albert Gulk in Estonian town named Tartu is now 36 years later the oldest continuously active group in Estonia. At least one or two local and international highy professional art exhibitions are organized every year. The Estonian name Kursi Koolkond refers to the small village of Kursi in central Estonia, with which all founding members had some sort of connection. As in any band that has been active for a long time, several members have passed through the Kursi Koolkond.&nbsp; Marko M\u00e4etamm, Reiu T\u00fc\u00fcr, Imat Suumann and&nbsp; K\u00fclli Suitso have<\/p>\n\t\t<\/div>\n\t\t\n\t\t<a class=\"elementor-post__read-more\" href=\"https:\/\/pajosart.com\/et\/kursi-koolkond-artist-group-kursi-school\/\" aria-label=\"Read more about Kursi Koolkond artists group\" tabindex=\"-1\" >\n\t\t\tLoe edasi\t\t<\/a>\n\n\t\t\t\t<\/div>\n\t\t\t\t<\/article>\n\t\t\t\t<article class=\"elementor-post elementor-grid-item post-3375 post type-post status-publish format-standard hentry category-uncategorized tag-artist tag-artwork tag-meditation tag-mystical tag-oilpainting tag-plywood tag-priitpajos\">\n\t\t\t\t<div class=\"elementor-post__text\">\n\t\t\t\t<h3 class=\"elementor-post__title\">\n\t\t\t<a href=\"https:\/\/pajosart.com\/et\/by-the-mountain-lake\/\" >\n\t\t\t\tM\u00e4gij\u00e4rve \u00e4\u00e4res\t\t\t<\/a>\n\t\t<\/h3>\n\t\t\t\t<div class=\"elementor-post__meta-data\">\n\t\t\t\t\t<span class=\"elementor-post-date\">\n\t\t\tm\u00e4rts 13, 2024\t\t<\/span>\n\t\t\t\t<\/div>\n\t\t\t\t<div class=\"elementor-post__excerpt\">\n\t\t\t<p>I will talk a little about one of my last oilpaintings born at the beginning of 2024, which I named &#8220;By the mountain lake&#8221; Of course, we could talk more about the relationship between the paintings and their titles. This is always a bit of a problem for me personally. Sometimes giving a name to a painting is easy and the title even seems to be the only option, but often enough it is just the opposite.&nbsp; It has become a tradition that every child has a name, and of course it is also a practical matter. Who would bother memorizing everything, for example, according to the numbers in the order of birth. The painting in question was named after<\/p>\n\t\t<\/div>\n\t\t\n\t\t<a class=\"elementor-post__read-more\" href=\"https:\/\/pajosart.com\/et\/by-the-mountain-lake\/\" aria-label=\"Read more about By the mountain lake\" tabindex=\"-1\" >\n\t\t\tLoe edasi\t\t<\/a>\n\n\t\t\t\t<\/div>\n\t\t\t\t<\/article>\n\t\t\t\t<article class=\"elementor-post elementor-grid-item post-3369 post type-post status-publish format-standard hentry category-uncategorized tag-artwork tag-exhibition tag-plywood tag-tartu tag-woodgrain\">\n\t\t\t\t<div class=\"elementor-post__text\">\n\t\t\t\t<h3 class=\"elementor-post__title\">\n\t\t\t<a href=\"https:\/\/pajosart.com\/et\/drunken-buddha-and-the-rest\/\" >\n\t\t\t\tPurjus Buddha ja teised\t\t\t<\/a>\n\t\t<\/h3>\n\t\t\t\t<div class=\"elementor-post__meta-data\">\n\t\t\t\t\t<span class=\"elementor-post-date\">\n\t\t\tm\u00e4rts 5, 2024\t\t<\/span>\n\t\t\t\t<\/div>\n\t\t\t\t<div class=\"elementor-post__excerpt\">\n\t\t\t<p>It has been fourteen years (!) since the last personal exhibition in Estonia After such a long break, one could feel uncertain about coming back to the Estonian art scene. Moreover, the opportunity to make the exhibition came unexpectedly, barely four weeks before the deadline. However, the feeling is quite strong. The Small gallery of the former hometown Tartu Art House&nbsp;is a familiar place and easy to manage due to its size of only 56m2. Rather, the anticipation is to see the entire existing new painting set as a whole in one room. In addition, I plan to approach the design of the hall in an innovative way for myself and expand the dimensions of the paintings slightly outside the<\/p>\n\t\t<\/div>\n\t\t\n\t\t<a class=\"elementor-post__read-more\" href=\"https:\/\/pajosart.com\/et\/drunken-buddha-and-the-rest\/\" aria-label=\"Read more about Drunken Buddha and the rest\" tabindex=\"-1\" >\n\t\t\tLoe edasi\t\t<\/a>\n\n\t\t\t\t<\/div>\n\t\t\t\t<\/article>\n\t\t\t\t<article class=\"elementor-post elementor-grid-item post-3361 post type-post status-publish format-standard hentry category-uncategorized\">\n\t\t\t\t<div class=\"elementor-post__text\">\n\t\t\t\t<h3 class=\"elementor-post__title\">\n\t\t\t<a href=\"https:\/\/pajosart.com\/et\/series-of-exhibitions-puusuu-the-woodgrain\/\" >\n\t\t\t\tn\u00e4ituste seeria \"Puus\u00fc\u00fc\"\t\t\t<\/a>\n\t\t<\/h3>\n\t\t\t\t<div class=\"elementor-post__meta-data\">\n\t\t\t\t\t<span class=\"elementor-post-date\">\n\t\t\tveebruar 21, 2024\t\t<\/span>\n\t\t\t\t<\/div>\n\t\t\t\t<div class=\"elementor-post__excerpt\">\n\t\t\t<p>story behind the exhibitions Every artist knows how much the material on which the work is created means to the experience of creation. It is a completely different feeling to paint on white fabric or on natural plywood already full of patterns and shapes. Plywood as a base material has been used in my paintings throughout my time as an artist. Although I have used it very sporadically, I can still call it my favorite material. I consciously stopped painting on canvas a few years ago when I started experimenting with the possibilities of fire and tree cooperation.&nbsp; Of course, these are not equal partners, and so the wood does not have the slightest chance against fire. As a cautious<\/p>\n\t\t<\/div>\n\t\t\n\t\t<a class=\"elementor-post__read-more\" href=\"https:\/\/pajosart.com\/et\/series-of-exhibitions-puusuu-the-woodgrain\/\" aria-label=\"Read more about series of exhibitions &#8220;Puus\u00fc\u00fc&#8221; \/ &#8220;The Woodgrain&#8221;\" tabindex=\"-1\" >\n\t\t\tLoe edasi\t\t<\/a>\n\n\t\t\t\t<\/div>\n\t\t\t\t<\/article>\n\t\t\t\t<article class=\"elementor-post elementor-grid-item post-3214 post type-post status-publish format-standard hentry category-art category-fireart category-oilpainting category-painting category-plywood tag-art tag-artist tag-burnt-plywood tag-mystical tag-oilpainting\">\n\t\t\t\t<div class=\"elementor-post__text\">\n\t\t\t\t<h3 class=\"elementor-post__title\">\n\t\t\t<a href=\"https:\/\/pajosart.com\/et\/wild-ones\/\" >\n\t\t\t\t\"Metsikud\"\t\t\t<\/a>\n\t\t<\/h3>\n\t\t\t\t<div class=\"elementor-post__meta-data\">\n\t\t\t\t\t<span class=\"elementor-post-date\">\n\t\t\tjaanuar 16, 2024\t\t<\/span>\n\t\t\t\t<\/div>\n\t\t\t\t<div class=\"elementor-post__excerpt\">\n\t\t\t<p>\u201dMetsikud\u201d on h\u00e4sti \u00f5nnestunud maal!\nKiidan ennast liiga harva ja selleks siis t\u00e4na teen seda\n\nAlustasin maaliks ettevalmistust detsembri alguses. Kaks ilusa mustriga suuremat vineeralust olid ootel ja nii otsustasin p\u00f5letada need \u00fcheskoos.\nKarges k\u00fclmas maakodus gaasip\u00f5letiga m\u00f6llamine oli juba iseenesest m\u00fcstiline kogemus. \nOlin juba p\u00f5letameise protsessist alates v\u00e4ga p\u00f5nevil ja ei j\u00f5udnud \u00e4ra oodata maalimisega alustamist. Keskne figuurikoht oli k\u00f5iksuse poolt selgelt paika pandud ja sealt see siis algas...<\/p>\n\t\t<\/div>\n\t\t\n\t\t<a class=\"elementor-post__read-more\" href=\"https:\/\/pajosart.com\/et\/wild-ones\/\" aria-label=\"Read more about Wild Ones\" tabindex=\"-1\" >\n\t\t\tLoe edasi\t\t<\/a>\n\n\t\t\t\t<\/div>\n\t\t\t\t<\/article>\n\t\t\t\t<article class=\"elementor-post elementor-grid-item post-3121 post type-post status-publish format-standard has-post-thumbnail hentry category-art category-fireart category-oilpainting category-painting category-plywood tag-art tag-artist tag-mystical tag-oilpainting\">\n\t\t\t\t<a class=\"elementor-post__thumbnail__link\" href=\"https:\/\/pajosart.com\/et\/pajos-painting-in-the-woods\/\" tabindex=\"-1\" >\n\t\t\t<div class=\"elementor-post__thumbnail\"><img fetchpriority=\"high\" decoding=\"async\" width=\"1162\" height=\"1403\" src=\"https:\/\/pajosart.com\/wp-content\/uploads\/2023\/12\/woods_pajos_painting.webp\" class=\"attachment-full size-full wp-image-3122\" alt=\"\" srcset=\"https:\/\/pajosart.com\/wp-content\/uploads\/2023\/12\/woods_pajos_painting.webp 1162w, https:\/\/pajosart.com\/wp-content\/uploads\/2023\/12\/woods_pajos_painting-248x300.webp 248w, https:\/\/pajosart.com\/wp-content\/uploads\/2023\/12\/woods_pajos_painting-848x1024.webp 848w, https:\/\/pajosart.com\/wp-content\/uploads\/2023\/12\/woods_pajos_painting-768x927.webp 768w, https:\/\/pajosart.com\/wp-content\/uploads\/2023\/12\/woods_pajos_painting-10x12.webp 10w, https:\/\/pajosart.com\/wp-content\/uploads\/2023\/12\/woods_pajos_painting-600x724.webp 600w\" sizes=\"(max-width: 1162px) 100vw, 1162px\" \/><\/div>\n\t\t<\/a>\n\t\t\t\t<div class=\"elementor-post__text\">\n\t\t\t\t<h3 class=\"elementor-post__title\">\n\t\t\t<a href=\"https:\/\/pajosart.com\/et\/pajos-painting-in-the-woods\/\" >\n\t\t\t\tMetsas\t\t\t<\/a>\n\t\t<\/h3>\n\t\t\t\t<div class=\"elementor-post__meta-data\">\n\t\t\t\t\t<span class=\"elementor-post-date\">\n\t\t\tdetsember 7, 2023\t\t<\/span>\n\t\t\t\t<\/div>\n\t\t\t\t<div class=\"elementor-post__excerpt\">\n\t\t\t<p>I will talk a little about the painting called `In the woods.&#8217; I used to make preparatory sketches before starting the paintings on the burnt plywood boards. I planned the compositions of the works quite precisely before starting to paint. However, I have always considered the process of painting itself as important as the end result. Surprises in the course of work are exactly what give things pleasure and excitement. While burning the wooden boards and planning the artworks, I found that the paintings had started to compose themselves. I don&#8217;t have to start \u201dfrom scratch&#8221; because the fire element has already firmly established itself on the plywood. In the painting `In the woods, the main composition, which has been<\/p>\n\t\t<\/div>\n\t\t\n\t\t<a class=\"elementor-post__read-more\" href=\"https:\/\/pajosart.com\/et\/pajos-painting-in-the-woods\/\" aria-label=\"Read more about In the woods\" tabindex=\"-1\" >\n\t\t\tLoe edasi\t\t<\/a>\n\n\t\t\t\t<\/div>\n\t\t\t\t<\/article>\n\t\t\t\t<\/div>\n\t\t\n\t\t\t\t\t\t<\/div>\n\t\t\t\t<\/div>\n\t\t\t\t\t<\/div>\n\t\t<\/div>\n\t\t\t\t\t<\/div>\n\t\t<\/section>\n\t\t\t\t<\/div>","protected":false},"excerpt":{"rendered":"<p>BLOGI<\/p>","protected":false},"author":3,"featured_media":0,"parent":0,"menu_order":0,"comment_status":"closed","ping_status":"closed","template":"","meta":{"jetpack_post_was_ever_published":false,"footnotes":""},"class_list":["post-2989","page","type-page","status-publish","hentry"],"yoast_head":"<!-- This site is optimized with the Yoast SEO plugin v27.4 - https:\/\/yoast.com\/product\/yoast-seo-wordpress\/ -->\n<title>BLOG - PRIIT PAJOS art<\/title>\n<meta name=\"robots\" content=\"index, follow, max-snippet:-1, max-image-preview:large, max-video-preview:-1\" \/>\n<link rel=\"canonical\" href=\"https:\/\/pajosart.com\/et\/blog\/\" \/>\n<meta property=\"og:locale\" content=\"et_EE\" \/>\n<meta property=\"og:type\" content=\"article\" \/>\n<meta property=\"og:title\" content=\"BLOG - PRIIT PAJOS art\" \/>\n<meta property=\"og:description\" content=\"BLOG\" \/>\n<meta property=\"og:url\" content=\"https:\/\/pajosart.com\/et\/blog\/\" \/>\n<meta property=\"og:site_name\" content=\"PRIIT PAJOS art\" \/>\n<meta property=\"article:publisher\" content=\"https:\/\/www.facebook.com\/pajosartist\/\" \/>\n<meta property=\"article:modified_time\" content=\"2024-01-18T19:44:13+00:00\" \/>\n<meta name=\"twitter:card\" content=\"summary_large_image\" \/>\n<meta name=\"twitter:site\" content=\"@PriitPajos\" \/>\n<meta name=\"twitter:label1\" content=\"Est. reading time\" \/>\n\t<meta name=\"twitter:data1\" content=\"2 minutit\" \/>\n<script type=\"application\/ld+json\" class=\"yoast-schema-graph\">{\"@context\":\"https:\\\/\\\/schema.org\",\"@graph\":[{\"@type\":\"WebPage\",\"@id\":\"https:\\\/\\\/pajosart.com\\\/blog\\\/\",\"url\":\"https:\\\/\\\/pajosart.com\\\/blog\\\/\",\"name\":\"BLOG - PRIIT PAJOS art\",\"isPartOf\":{\"@id\":\"https:\\\/\\\/www.pajosart.com\\\/#website\"},\"datePublished\":\"2023-11-22T12:12:07+00:00\",\"dateModified\":\"2024-01-18T19:44:13+00:00\",\"breadcrumb\":{\"@id\":\"https:\\\/\\\/pajosart.com\\\/blog\\\/#breadcrumb\"},\"inLanguage\":\"et\",\"potentialAction\":[{\"@type\":\"ReadAction\",\"target\":[\"https:\\\/\\\/pajosart.com\\\/blog\\\/\"]}]},{\"@type\":\"BreadcrumbList\",\"@id\":\"https:\\\/\\\/pajosart.com\\\/blog\\\/#breadcrumb\",\"itemListElement\":[{\"@type\":\"ListItem\",\"position\":1,\"name\":\"Home\",\"item\":\"https:\\\/\\\/www.pajosart.com\\\/\"},{\"@type\":\"ListItem\",\"position\":2,\"name\":\"BLOG\"}]},{\"@type\":\"WebSite\",\"@id\":\"https:\\\/\\\/www.pajosart.com\\\/#website\",\"url\":\"https:\\\/\\\/www.pajosart.com\\\/\",\"name\":\"PRIIT PAJOS art\",\"description\":\"Priit Pajos artist website\",\"publisher\":{\"@id\":\"https:\\\/\\\/www.pajosart.com\\\/#organization\"},\"potentialAction\":[{\"@type\":\"SearchAction\",\"target\":{\"@type\":\"EntryPoint\",\"urlTemplate\":\"https:\\\/\\\/www.pajosart.com\\\/?s={search_term_string}\"},\"query-input\":{\"@type\":\"PropertyValueSpecification\",\"valueRequired\":true,\"valueName\":\"search_term_string\"}}],\"inLanguage\":\"et\"},{\"@type\":\"Organization\",\"@id\":\"https:\\\/\\\/www.pajosart.com\\\/#organization\",\"name\":\"PRIIT PAJOS art\",\"url\":\"https:\\\/\\\/www.pajosart.com\\\/\",\"logo\":{\"@type\":\"ImageObject\",\"inLanguage\":\"et\",\"@id\":\"https:\\\/\\\/www.pajosart.com\\\/#\\\/schema\\\/logo\\\/image\\\/\",\"url\":\"https:\\\/\\\/pajosart.com\\\/wp-content\\\/uploads\\\/2023\\\/10\\\/pajos-logo.png\",\"contentUrl\":\"https:\\\/\\\/pajosart.com\\\/wp-content\\\/uploads\\\/2023\\\/10\\\/pajos-logo.png\",\"width\":417,\"height\":285,\"caption\":\"PRIIT PAJOS art\"},\"image\":{\"@id\":\"https:\\\/\\\/www.pajosart.com\\\/#\\\/schema\\\/logo\\\/image\\\/\"},\"sameAs\":[\"https:\\\/\\\/www.facebook.com\\\/pajosartist\\\/\",\"https:\\\/\\\/x.com\\\/PriitPajos\",\"https:\\\/\\\/www.instagram.com\\\/priit_pajos_artist\\\/\",\"https:\\\/\\\/linkedin.com\\\/in\\\/priit-pajos-b48b3b74\"]}]}<\/script>\n<!-- \/ Yoast SEO plugin. -->","yoast_head_json":{"title":"BLOG - PRIIT PAJOS art","robots":{"index":"index","follow":"follow","max-snippet":"max-snippet:-1","max-image-preview":"max-image-preview:large","max-video-preview":"max-video-preview:-1"},"canonical":"https:\/\/pajosart.com\/et\/blog\/","og_locale":"et_EE","og_type":"article","og_title":"BLOG - PRIIT PAJOS art","og_description":"BLOG","og_url":"https:\/\/pajosart.com\/et\/blog\/","og_site_name":"PRIIT PAJOS art","article_publisher":"https:\/\/www.facebook.com\/pajosartist\/","article_modified_time":"2024-01-18T19:44:13+00:00","twitter_card":"summary_large_image","twitter_site":"@PriitPajos","twitter_misc":{"Est. reading time":"2 minutit"},"schema":{"@context":"https:\/\/schema.org","@graph":[{"@type":"WebPage","@id":"https:\/\/pajosart.com\/blog\/","url":"https:\/\/pajosart.com\/blog\/","name":"BLOG - PRIIT PAJOS art","isPartOf":{"@id":"https:\/\/www.pajosart.com\/#website"},"datePublished":"2023-11-22T12:12:07+00:00","dateModified":"2024-01-18T19:44:13+00:00","breadcrumb":{"@id":"https:\/\/pajosart.com\/blog\/#breadcrumb"},"inLanguage":"et","potentialAction":[{"@type":"ReadAction","target":["https:\/\/pajosart.com\/blog\/"]}]},{"@type":"BreadcrumbList","@id":"https:\/\/pajosart.com\/blog\/#breadcrumb","itemListElement":[{"@type":"ListItem","position":1,"name":"Home","item":"https:\/\/www.pajosart.com\/"},{"@type":"ListItem","position":2,"name":"BLOG"}]},{"@type":"WebSite","@id":"https:\/\/www.pajosart.com\/#website","url":"https:\/\/www.pajosart.com\/","name":"PRIIT PAJOS art","description":"Priit Pajos artist website","publisher":{"@id":"https:\/\/www.pajosart.com\/#organization"},"potentialAction":[{"@type":"SearchAction","target":{"@type":"EntryPoint","urlTemplate":"https:\/\/www.pajosart.com\/?s={search_term_string}"},"query-input":{"@type":"PropertyValueSpecification","valueRequired":true,"valueName":"search_term_string"}}],"inLanguage":"et"},{"@type":"Organization","@id":"https:\/\/www.pajosart.com\/#organization","name":"PRIIT PAJOS art","url":"https:\/\/www.pajosart.com\/","logo":{"@type":"ImageObject","inLanguage":"et","@id":"https:\/\/www.pajosart.com\/#\/schema\/logo\/image\/","url":"https:\/\/pajosart.com\/wp-content\/uploads\/2023\/10\/pajos-logo.png","contentUrl":"https:\/\/pajosart.com\/wp-content\/uploads\/2023\/10\/pajos-logo.png","width":417,"height":285,"caption":"PRIIT PAJOS art"},"image":{"@id":"https:\/\/www.pajosart.com\/#\/schema\/logo\/image\/"},"sameAs":["https:\/\/www.facebook.com\/pajosartist\/","https:\/\/x.com\/PriitPajos","https:\/\/www.instagram.com\/priit_pajos_artist\/","https:\/\/linkedin.com\/in\/priit-pajos-b48b3b74"]}]}},"jetpack_sharing_enabled":true,"_links":{"self":[{"href":"https:\/\/pajosart.com\/et\/wp-json\/wp\/v2\/pages\/2989","targetHints":{"allow":["GET"]}}],"collection":[{"href":"https:\/\/pajosart.com\/et\/wp-json\/wp\/v2\/pages"}],"about":[{"href":"https:\/\/pajosart.com\/et\/wp-json\/wp\/v2\/types\/page"}],"author":[{"embeddable":true,"href":"https:\/\/pajosart.com\/et\/wp-json\/wp\/v2\/users\/3"}],"replies":[{"embeddable":true,"href":"https:\/\/pajosart.com\/et\/wp-json\/wp\/v2\/comments?post=2989"}],"version-history":[{"count":5,"href":"https:\/\/pajosart.com\/et\/wp-json\/wp\/v2\/pages\/2989\/revisions"}],"predecessor-version":[{"id":3226,"href":"https:\/\/pajosart.com\/et\/wp-json\/wp\/v2\/pages\/2989\/revisions\/3226"}],"wp:attachment":[{"href":"https:\/\/pajosart.com\/et\/wp-json\/wp\/v2\/media?parent=2989"}],"curies":[{"name":"wp","href":"https:\/\/api.w.org\/{rel}","templated":true}]}}